{"id":2580,"date":"2021-04-07T02:01:50","date_gmt":"2021-04-07T00:01:50","guid":{"rendered":"https:\/\/www.lbssuite.com\/?page_id=2580"},"modified":"2021-07-16T11:50:56","modified_gmt":"2021-07-16T09:50:56","slug":"service-formation","status":"publish","type":"page","link":"https:\/\/www.lbssuite.com\/fr\/service-formation\/","title":{"rendered":"Formation"},"content":{"rendered":"<p>[vc_row css=\u00a0\u00bb.vc_custom_1616143771553{padding-bottom: 40px !important;background-color: #ffffff !important;}\u00a0\u00bb][vc_column][vc_row_inner css=\u00a0\u00bb.vc_custom_1616143708810{padding-bottom: 0px !important;}\u00a0\u00bb][vc_column_inner width=\u00a0\u00bb1\/2&Prime;]<div class=\"title\"><h3 class=\"\">Avec une bonne formation, LBS Suite n&#039;aura plus de secrets pour vous<span class=\"red-dot\"><\/span><\/h3><hr><\/div>[\/vc_column_inner][vc_column_inner width=\u00a0\u00bb1\/2&Prime;][vc_empty_space height=\u00a0\u00bb20px\u00a0\u00bb][\/vc_column_inner][\/vc_row_inner][vc_empty_space height=\u00a0\u00bb20px\u00a0\u00bb][vc_row_inner css=\u00a0\u00bb.vc_custom_1616143708810{padding-bottom: 0px !important;}\u00a0\u00bb][vc_column_inner width=\u00a0\u00bb2\/6&Prime;][vc_single_image image=\u00a0\u00bb3523&Prime; img_size=\u00a0\u00bb250&#215;250&Prime; alignment=\u00a0\u00bbcenter\u00a0\u00bb style=\u00a0\u00bbvc_box_circle_2&Prime; css_animation=\u00a0\u00bbfadeInLeft\u00a0\u00bb][vc_empty_space height=\u00a0\u00bb20px\u00a0\u00bb][\/vc_column_inner][vc_column_inner width=\u00a0\u00bb3\/6&Prime;][vc_empty_space height=\u00a0\u00bb80px\u00a0\u00bb][vc_column_text css_animation=\u00a0\u00bbfadeInUp\u00a0\u00bb]<span style=\"font-size: 20px;\">D\u00e8s votre d\u00e9marrage sur LBS Suite, nous assurons une formation compl\u00e8te pour l\u2019ensemble de votre \u00e9quipe !<\/span>[\/vc_column_text][vc_empty_space height=\u00a0\u00bb20px\u00a0\u00bb][\/vc_column_inner][vc_column_inner width=\u00a0\u00bb1\/6&Prime;][\/vc_column_inner][\/vc_row_inner][\/vc_column][\/vc_row][vc_row css=\u00a0\u00bb.vc_custom_1617749682297{padding-bottom: 0px !important;background-color: #f9f9f9 !important;}\u00a0\u00bb][vc_column][vc_row_inner equal_height=\u00a0\u00bbyes\u00a0\u00bb css=\u00a0\u00bb.vc_custom_1623142395566{padding-right: 50px !important;padding-bottom: 10px !important;padding-left: 50px !important;background-color: #ffffff !important;}\u00a0\u00bb][vc_column_inner]<div class=\"title\"><h3 class=\"\">Une solution intuitive et conviviale<span class=\"red-dot\"><\/span><\/h3><hr><\/div>[\/vc_column_inner][\/vc_row_inner][vc_row_inner equal_height=\u00a0\u00bbyes\u00a0\u00bb css=\u00a0\u00bb.vc_custom_1616142792092{padding-right: 50px !important;padding-bottom: 50px !important;padding-left: 50px !important;background-color: #ffffff !important;}\u00a0\u00bb][vc_column_inner width=\u00a0\u00bb2\/6&Prime;][vc_single_image image=\u00a0\u00bb3531&Prime; img_size=\u00a0\u00bb350&#215;350&Prime; alignment=\u00a0\u00bbcenter\u00a0\u00bb style=\u00a0\u00bbvc_box_rounded\u00a0\u00bb css_animation=\u00a0\u00bbfadeInLeft\u00a0\u00bb css=\u00a0\u00bb.vc_custom_1625845547746{border-radius: 30px !important;}\u00a0\u00bb][vc_empty_space height=\u00a0\u00bb20px\u00a0\u00bb][\/vc_column_inner][vc_column_inner width=\u00a0\u00bb3\/6&Prime;][vc_empty_space height=\u00a0\u00bb20px\u00a0\u00bb][vc_column_text css_animation=\u00a0\u00bbfadeInUp\u00a0\u00bb]<\/p>\n<h4><strong><span style=\"font-size: 20px;\">LBS Suite est un logiciel intuitif et facile. Chaque utilisateur est form\u00e9 pour ma\u00eetriser sa partie et optimiser son exp\u00e9rience LBS Suite.<\/span><\/strong><\/h4>\n<p>[\/vc_column_text][vc_empty_space height=\u00a0\u00bb20px\u00a0\u00bb][vc_column_text css_animation=\u00a0\u00bbfadeInUp\u00a0\u00bb]<span style=\"font-size: 16px;\">Nous vous proposons des formations sur site ou en ligne, par groupe d&rsquo;utilisateurs, sp\u00e9cialement adapt\u00e9es pour r\u00e9pondre \u00e0 votre organisation interne.<\/span>[\/vc_column_text][vc_empty_space height=\u00a0\u00bb20px\u00a0\u00bb][vc_column_text css_animation=\u00a0\u00bbfadeInUp\u00a0\u00bb]<span style=\"color: #afa464; font-size: 16px;\">\u00c0 tout moment, vous pouvez b\u00e9n\u00e9ficier d\u2019une formation suppl\u00e9mentaire \u00e0 l\u2019occasion de l\u2019arriv\u00e9e d\u2019un nouveau collaborateur, ou d\u2019une mise \u00e0 jour !<\/span>[\/vc_column_text][vc_empty_space height=\u00a0\u00bb40px\u00a0\u00bb][\/vc_column_inner][vc_column_inner width=\u00a0\u00bb1\/6&Prime;][\/vc_column_inner][\/vc_row_inner][vc_row_inner equal_height=\u00a0\u00bbyes\u00a0\u00bb css=\u00a0\u00bb.vc_custom_1617754096644{padding-top: 30px !important;padding-right: 50px !important;padding-bottom: 50px !important;padding-left: 50px !important;background-color: #e7f3ff !important;}\u00a0\u00bb][vc_column_inner width=\u00a0\u00bb1\/6&Prime;][\/vc_column_inner][vc_column_inner width=\u00a0\u00bb2\/3&Prime;][vc_column_text css_animation=\u00a0\u00bbfadeInUp\u00a0\u00bb]<strong><span style=\"font-size: 18px;\">En France, Language Business Solutions est un organisme de formation agr\u00e9\u00e9 qui vous offre la possibilit\u00e9 de faire financer vos formations par votre Op\u00e9rateur de Comp\u00e9tences (OPCO).<\/span><\/strong>[\/vc_column_text][\/vc_column_inner][vc_column_inner width=\u00a0\u00bb1\/6&Prime;][\/vc_column_inner][\/vc_row_inner][\/vc_column][\/vc_row][vc_row css=\u00a0\u00bb.vc_custom_1617752314076{margin-top: 0px !important;border-top-width: 0px !important;padding-top: 0px !important;background-color: #f9f9f9 !important;}\u00a0\u00bb][vc_column][vc_empty_space height=\u00a0\u00bb40px\u00a0\u00bb][vc_column_text]<\/p>\n<p style=\"text-align: center;\"><a href=\"https:\/\/www.lbssuite.com\/contact\/\">Contactez-nous<\/a> pour en savoir plus sur notre solution ! Vous pouvez \u00e9galement nous rejoindre sur nos r\u00e9seaux sociaux <a href=\"https:\/\/www.linkedin.com\/company\/lbs-suite\">LinkedIn<\/a> et <a href=\"https:\/\/www.youtube.com\/channel\/UCR4XxxFAOYAPIRAL5aDW6_g\/featured\">Youtube<\/a> pour ne rien manquer de notre actualit\u00e9 !<\/p>\n<p>[\/vc_column_text][\/vc_column][\/vc_row][vc_row css=\u00a0\u00bb.vc_custom_1617749675289{margin-top: 0px !important;border-top-width: 0px !important;padding-top: 0px !important;}\u00a0\u00bb][vc_column]<!--pre>\n\tArray\n(\n    [0] => Array\n        (\n            [intitule_du_metier] => Chef de projet\n            [pictogramme] => https:\/\/www.lbssuite.com\/wp-content\/uploads\/2021\/03\/picto-manager.png\n            [lien_vers_page_metier] => https:\/\/www.lbssuite.com\/fr\/chef-de-projet\/\n        )\n\n    [1] => Array\n        (\n            [intitule_du_metier] => Vendor Manager\n            [pictogramme] => https:\/\/www.lbssuite.com\/wp-content\/uploads\/2021\/03\/picto-vendor-manager.png\n            [lien_vers_page_metier] => https:\/\/www.lbssuite.com\/fr\/vendor-manager\/\n        )\n\n    [2] => Array\n        (\n            [intitule_du_metier] => Manager\n            [pictogramme] => \n            [lien_vers_page_metier] => https:\/\/www.lbssuite.com\/fr\/manager\/\n        )\n\n    [3] => Array\n        (\n            [intitule_du_metier] => Commercial\n            [pictogramme] => https:\/\/www.lbssuite.com\/wp-content\/uploads\/2021\/03\/picto-commercial-1.png\n            [lien_vers_page_metier] => https:\/\/www.lbssuite.com\/fr\/commercial\/\n        )\n\n    [4] => Array\n        (\n            [intitule_du_metier] => Comptable\n            [pictogramme] => https:\/\/www.lbssuite.com\/wp-content\/uploads\/2021\/03\/picto-comptable.png\n            [lien_vers_page_metier] => https:\/\/www.lbssuite.com\/fr\/comptable\/\n        )\n\n    [5] => Array\n        (\n            [intitule_du_metier] => Linguiste\n            [pictogramme] => https:\/\/www.lbssuite.com\/wp-content\/uploads\/2021\/03\/picto-traducteur.png\n            [lien_vers_page_metier] => https:\/\/www.lbssuite.com\/fr\/linguiste\/\n        )\n\n)\n<\/pre-->\n\n<div id=\"profiles-metiers\" class=\"flex flex-wrap\">\n\t\t\t<div class=\"w-full sm:w-4\/12 my-20 sm:mt-40 sm:mb-0\">\n\t\t\t<h4 class=\"uppercase sm:pl-20\">VOUS \u00caTES<\/h4>\n\t\t<\/div>\n\t\t\n\t<div class=\"profiles flex flex-wrap justify-between bg-gray-200 p-20 w-full sm:w-8\/12 \">\n\t\t\t\t\t<a class=\"block flex items-center w-full mb-15 sm:w-6\/12\" href=\"https:\/\/www.lbssuite.com\/fr\/chef-de-projet\/\">\n\t\t\t\t<img decoding=\"async\" src=\"https:\/\/www.lbssuite.com\/wp-content\/uploads\/2021\/03\/picto-manager.png\" \/>\n\t\t\t\t<h5 class=\"ml-4\">Chef de projet<\/h5>\n\t\t\t<\/a>\n\t\t\t\t\t<a class=\"block flex items-center w-full mb-15 sm:w-6\/12\" href=\"https:\/\/www.lbssuite.com\/fr\/vendor-manager\/\">\n\t\t\t\t<img decoding=\"async\" src=\"https:\/\/www.lbssuite.com\/wp-content\/uploads\/2021\/03\/picto-vendor-manager.png\" \/>\n\t\t\t\t<h5 class=\"ml-4\">Vendor Manager<\/h5>\n\t\t\t<\/a>\n\t\t\t\t\t<a class=\"block flex items-center w-full mb-15 sm:w-6\/12\" href=\"https:\/\/www.lbssuite.com\/fr\/manager\/\">\n\t\t\t\t<img decoding=\"async\" src=\"\" \/>\n\t\t\t\t<h5 class=\"ml-4\">Manager<\/h5>\n\t\t\t<\/a>\n\t\t\t\t\t<a class=\"block flex items-center w-full mb-15 sm:w-6\/12\" href=\"https:\/\/www.lbssuite.com\/fr\/commercial\/\">\n\t\t\t\t<img decoding=\"async\" src=\"https:\/\/www.lbssuite.com\/wp-content\/uploads\/2021\/03\/picto-commercial-1.png\" \/>\n\t\t\t\t<h5 class=\"ml-4\">Commercial<\/h5>\n\t\t\t<\/a>\n\t\t\t\t\t<a class=\"block flex items-center w-full mb-15 sm:w-6\/12\" href=\"https:\/\/www.lbssuite.com\/fr\/comptable\/\">\n\t\t\t\t<img decoding=\"async\" src=\"https:\/\/www.lbssuite.com\/wp-content\/uploads\/2021\/03\/picto-comptable.png\" \/>\n\t\t\t\t<h5 class=\"ml-4\">Comptable<\/h5>\n\t\t\t<\/a>\n\t\t\t\t\t<a class=\"block flex items-center w-full mb-15 sm:w-6\/12\" href=\"https:\/\/www.lbssuite.com\/fr\/linguiste\/\">\n\t\t\t\t<img decoding=\"async\" src=\"https:\/\/www.lbssuite.com\/wp-content\/uploads\/2021\/03\/picto-traducteur.png\" \/>\n\t\t\t\t<h5 class=\"ml-4\">Linguiste<\/h5>\n\t\t\t<\/a>\n\t\t\t<\/div>\n<\/div>[\/vc_column][\/vc_row][vc_row][vc_column][\/vc_column][\/vc_row]<\/p>\n","protected":false},"excerpt":{"rendered":"[vc_row css=\".vc_custom_1616143771553{padding-bottom: 40px !important;background-color: #ffffff !important;}\"][vc_column][vc_row_inner css=\".vc_custom_1616143708810{padding-bottom: 0px !important;}\"][vc_column_inner width=\"1\/2\"]Avec une bonne formation, LBS Suite n&#039;aura plus de secrets pour vous[\/vc_column_inner][vc_column_inner width=\"1\/2\"][vc_empty_space height=\"20px\"][\/vc_column_inner][\/vc_row_inner][vc_empty_space height=\"20px\"][vc_row_inner css=\".vc_custom_1616143708810{padding-bottom: 0px !important;}\"][vc_column_inner width=\"2\/6\"][vc_single_image image=\"3523\" img_size=\"250x250\" alignment=\"center\" style=\"vc_box_circle_2\" css_animation=\"fadeInLeft\"][vc_empty_space height=\"20px\"][\/vc_column_inner][vc_column_inner width=\"3\/6\"][vc_empty_space height=\"80px\"][vc_column_text css_animation=\"fadeInUp\"]D\u00e8s votre d\u00e9marrage sur LBS Suite, nous assurons une formation compl\u00e8te pour l\u2019ensemble de[...] <p class=\"mt-15\"><a class=\"btn btn-color btn-sm\" href=\"https:\/\/www.lbssuite.com\/fr\/service-formation\/\">Read More<\/a>","protected":false},"author":1,"featured_media":0,"parent":0,"menu_order":0,"comment_status":"closed","ping_status":"closed","template":"","meta":{"_acf_changed":false,"footnotes":""},"class_list":["post-2580","page","type-page","status-publish","hentry"],"acf":[],"yoast_head":"<!-- This site is optimized with the Yoast SEO plugin v27.0 - https:\/\/yoast.com\/product\/yoast-seo-wordpress\/ -->\n<title>Formation - Apprenez \u00e0 vous servir de LBS Suite avec notre organisme !<\/title>\n<meta name=\"description\" content=\"B\u00e9n\u00e9ficiez d&#039;une formation sur le TBMS LBS Suite, le syst\u00e8me id\u00e9al pour la gestion de votre entreprise ou de votre d\u00e9partement de traduction !\" \/>\n<meta name=\"robots\" content=\"index, follow, max-snippet:-1, max-image-preview:large, max-video-preview:-1\" \/>\n<link rel=\"canonical\" href=\"https:\/\/www.lbssuite.com\/fr\/service-formation\/\" \/>\n<meta property=\"og:locale\" content=\"fr_FR\" \/>\n<meta property=\"og:type\" content=\"article\" \/>\n<meta property=\"og:title\" content=\"Formation - Apprenez \u00e0 vous servir de LBS Suite avec notre organisme !\" \/>\n<meta property=\"og:description\" content=\"B\u00e9n\u00e9ficiez d&#039;une formation sur le TBMS LBS Suite, le syst\u00e8me id\u00e9al pour la gestion de votre entreprise ou de votre d\u00e9partement de traduction !\" \/>\n<meta property=\"og:url\" content=\"https:\/\/www.lbssuite.com\/fr\/service-formation\/\" \/>\n<meta property=\"og:site_name\" content=\"LBS Suite\" \/>\n<meta property=\"article:modified_time\" content=\"2021-07-16T09:50:56+00:00\" \/>\n<meta name=\"twitter:card\" content=\"summary_large_image\" \/>\n<meta name=\"twitter:label1\" content=\"Dur\u00e9e de lecture estim\u00e9e\" \/>\n\t<meta name=\"twitter:data1\" content=\"2 minutes\" \/>\n<script type=\"application\/ld+json\" class=\"yoast-schema-graph\">{\"@context\":\"https:\/\/schema.org\",\"@graph\":[{\"@type\":\"WebPage\",\"@id\":\"https:\/\/www.lbssuite.com\/fr\/service-formation\/\",\"url\":\"https:\/\/www.lbssuite.com\/fr\/service-formation\/\",\"name\":\"Formation - Apprenez \u00e0 vous servir de LBS Suite avec notre organisme !\",\"isPartOf\":{\"@id\":\"https:\/\/www.lbssuite.com\/fr\/#website\"},\"datePublished\":\"2021-04-07T00:01:50+00:00\",\"dateModified\":\"2021-07-16T09:50:56+00:00\",\"description\":\"B\u00e9n\u00e9ficiez d'une formation sur le TBMS LBS Suite, le syst\u00e8me id\u00e9al pour la gestion de votre entreprise ou de votre d\u00e9partement de traduction !\",\"breadcrumb\":{\"@id\":\"https:\/\/www.lbssuite.com\/fr\/service-formation\/#breadcrumb\"},\"inLanguage\":\"fr-FR\",\"potentialAction\":[{\"@type\":\"ReadAction\",\"target\":[\"https:\/\/www.lbssuite.com\/fr\/service-formation\/\"]}]},{\"@type\":\"BreadcrumbList\",\"@id\":\"https:\/\/www.lbssuite.com\/fr\/service-formation\/#breadcrumb\",\"itemListElement\":[{\"@type\":\"ListItem\",\"position\":1,\"name\":\"Accueil\",\"item\":\"https:\/\/www.lbssuite.com\/fr\/\"},{\"@type\":\"ListItem\",\"position\":2,\"name\":\"Formation\"}]},{\"@type\":\"WebSite\",\"@id\":\"https:\/\/www.lbssuite.com\/fr\/#website\",\"url\":\"https:\/\/www.lbssuite.com\/fr\/\",\"name\":\"LBS Suite\",\"description\":\"LBS SUITE\",\"publisher\":{\"@id\":\"https:\/\/www.lbssuite.com\/fr\/#organization\"},\"potentialAction\":[{\"@type\":\"SearchAction\",\"target\":{\"@type\":\"EntryPoint\",\"urlTemplate\":\"https:\/\/www.lbssuite.com\/fr\/?s={search_term_string}\"},\"query-input\":{\"@type\":\"PropertyValueSpecification\",\"valueRequired\":true,\"valueName\":\"search_term_string\"}}],\"inLanguage\":\"fr-FR\"},{\"@type\":\"Organization\",\"@id\":\"https:\/\/www.lbssuite.com\/fr\/#organization\",\"name\":\"LBS Suite\",\"url\":\"https:\/\/www.lbssuite.com\/fr\/\",\"logo\":{\"@type\":\"ImageObject\",\"inLanguage\":\"fr-FR\",\"@id\":\"https:\/\/www.lbssuite.com\/fr\/#\/schema\/logo\/image\/\",\"url\":\"https:\/\/www.lbssuite.com\/wp-content\/uploads\/2021\/04\/logo-lbs.png\",\"contentUrl\":\"https:\/\/www.lbssuite.com\/wp-content\/uploads\/2021\/04\/logo-lbs.png\",\"width\":585,\"height\":232,\"caption\":\"LBS Suite\"},\"image\":{\"@id\":\"https:\/\/www.lbssuite.com\/fr\/#\/schema\/logo\/image\/\"}}]}<\/script>\n<!-- \/ Yoast SEO plugin. -->","yoast_head_json":{"title":"Formation - Apprenez \u00e0 vous servir de LBS Suite avec notre organisme !","description":"B\u00e9n\u00e9ficiez d'une formation sur le TBMS LBS Suite, le syst\u00e8me id\u00e9al pour la gestion de votre entreprise ou de votre d\u00e9partement de traduction !","robots":{"index":"index","follow":"follow","max-snippet":"max-snippet:-1","max-image-preview":"max-image-preview:large","max-video-preview":"max-video-preview:-1"},"canonical":"https:\/\/www.lbssuite.com\/fr\/service-formation\/","og_locale":"fr_FR","og_type":"article","og_title":"Formation - Apprenez \u00e0 vous servir de LBS Suite avec notre organisme !","og_description":"B\u00e9n\u00e9ficiez d'une formation sur le TBMS LBS Suite, le syst\u00e8me id\u00e9al pour la gestion de votre entreprise ou de votre d\u00e9partement de traduction !","og_url":"https:\/\/www.lbssuite.com\/fr\/service-formation\/","og_site_name":"LBS Suite","article_modified_time":"2021-07-16T09:50:56+00:00","twitter_card":"summary_large_image","twitter_misc":{"Dur\u00e9e de lecture estim\u00e9e":"2 minutes"},"schema":{"@context":"https:\/\/schema.org","@graph":[{"@type":"WebPage","@id":"https:\/\/www.lbssuite.com\/fr\/service-formation\/","url":"https:\/\/www.lbssuite.com\/fr\/service-formation\/","name":"Formation - Apprenez \u00e0 vous servir de LBS Suite avec notre organisme !","isPartOf":{"@id":"https:\/\/www.lbssuite.com\/fr\/#website"},"datePublished":"2021-04-07T00:01:50+00:00","dateModified":"2021-07-16T09:50:56+00:00","description":"B\u00e9n\u00e9ficiez d'une formation sur le TBMS LBS Suite, le syst\u00e8me id\u00e9al pour la gestion de votre entreprise ou de votre d\u00e9partement de traduction !","breadcrumb":{"@id":"https:\/\/www.lbssuite.com\/fr\/service-formation\/#breadcrumb"},"inLanguage":"fr-FR","potentialAction":[{"@type":"ReadAction","target":["https:\/\/www.lbssuite.com\/fr\/service-formation\/"]}]},{"@type":"BreadcrumbList","@id":"https:\/\/www.lbssuite.com\/fr\/service-formation\/#breadcrumb","itemListElement":[{"@type":"ListItem","position":1,"name":"Accueil","item":"https:\/\/www.lbssuite.com\/fr\/"},{"@type":"ListItem","position":2,"name":"Formation"}]},{"@type":"WebSite","@id":"https:\/\/www.lbssuite.com\/fr\/#website","url":"https:\/\/www.lbssuite.com\/fr\/","name":"LBS Suite","description":"LBS SUITE","publisher":{"@id":"https:\/\/www.lbssuite.com\/fr\/#organization"},"potentialAction":[{"@type":"SearchAction","target":{"@type":"EntryPoint","urlTemplate":"https:\/\/www.lbssuite.com\/fr\/?s={search_term_string}"},"query-input":{"@type":"PropertyValueSpecification","valueRequired":true,"valueName":"search_term_string"}}],"inLanguage":"fr-FR"},{"@type":"Organization","@id":"https:\/\/www.lbssuite.com\/fr\/#organization","name":"LBS Suite","url":"https:\/\/www.lbssuite.com\/fr\/","logo":{"@type":"ImageObject","inLanguage":"fr-FR","@id":"https:\/\/www.lbssuite.com\/fr\/#\/schema\/logo\/image\/","url":"https:\/\/www.lbssuite.com\/wp-content\/uploads\/2021\/04\/logo-lbs.png","contentUrl":"https:\/\/www.lbssuite.com\/wp-content\/uploads\/2021\/04\/logo-lbs.png","width":585,"height":232,"caption":"LBS Suite"},"image":{"@id":"https:\/\/www.lbssuite.com\/fr\/#\/schema\/logo\/image\/"}}]}},"_links":{"self":[{"href":"https:\/\/www.lbssuite.com\/fr\/wp-json\/wp\/v2\/pages\/2580","targetHints":{"allow":["GET"]}}],"collection":[{"href":"https:\/\/www.lbssuite.com\/fr\/wp-json\/wp\/v2\/pages"}],"about":[{"href":"https:\/\/www.lbssuite.com\/fr\/wp-json\/wp\/v2\/types\/page"}],"author":[{"embeddable":true,"href":"https:\/\/www.lbssuite.com\/fr\/wp-json\/wp\/v2\/users\/1"}],"replies":[{"embeddable":true,"href":"https:\/\/www.lbssuite.com\/fr\/wp-json\/wp\/v2\/comments?post=2580"}],"version-history":[{"count":49,"href":"https:\/\/www.lbssuite.com\/fr\/wp-json\/wp\/v2\/pages\/2580\/revisions"}],"predecessor-version":[{"id":3953,"href":"https:\/\/www.lbssuite.com\/fr\/wp-json\/wp\/v2\/pages\/2580\/revisions\/3953"}],"wp:attachment":[{"href":"https:\/\/www.lbssuite.com\/fr\/wp-json\/wp\/v2\/media?parent=2580"}],"curies":[{"name":"wp","href":"https:\/\/api.w.org\/{rel}","templated":true}]}}